{"id":640,"date":"2017-09-13T11:36:29","date_gmt":"2017-09-13T11:36:29","guid":{"rendered":"http:\/\/chatickazuzana.cz\/?page_id=640"},"modified":"2022-12-15T22:02:08","modified_gmt":"2022-12-15T22:02:08","slug":"home","status":"publish","type":"page","link":"https:\/\/chatickazuzana.cz\/","title":{"rendered":"Home"},"content":{"rendered":"\n\n\t<h1>\n\t\t\t\t\tChata zuzana\n\t\t\t\t<\/h1>\n\t<h5>\n\t\t\t\t\tM\u00edsto pro ka\u017ed\u00e9ho, kdo chce zmizet od sign\u00e1lu\n\t\t\t\t<\/h5>\n\t\t\t<a href=\"#bookings\" target=\"_self\" role=\"button\" rel=\"noopener\">\n\t\t\t\t\t\tChci se ubytovat\n\t\t<\/a>\n\t<h2>\n\t\t\t\t\tO chati\u010dce\n\t\t\t\t<\/h2>\n\t\t\t\t<img decoding=\"async\" src=\"https:\/\/chatickazuzana.cz\/wp-content\/uploads\/2022\/06\/240840278_100157015741043_6921094378842936971_n.jpg\" alt=\"chaticka-zuzana\" itemprop=\"image\"\/>\n\t<h3>\n\t\t\t\t\t60. l\u00e9ta p\u0159esn\u011b tehdy jsem vznikla\n\t\t\t\t<\/h3>\n\t\t\t<p>Chati\u010dka se nach\u00e1z\u00ed v malebn\u00e9 v\u00edsce Frahel\u017e na T\u0159ebo\u0148sku. Jen kousek od hr\u00e1z\u00ed rybn\u00edk\u016f Nad\u011bje, L\u00e1ska, V\u00edra a Dobr\u00e9 v\u016fle. \ud83d\ude0d<br \/>V ide\u00e1ln\u00ed vz\u00e1lenosti na Vlkovsk\u00e9 p\u00edskovny a v bl\u00edzkosti nekone\u010dn\u011b dlouh\u00fdch, rovinat\u00fdch cyklostezek T\u0159ebo\u0148ska.<\/p>\n\tTr\u00e1v\u00edte v l\u00e9t\u011b hodn\u011b \u010dasu na kole \ud83d\udeb4 nebo p\u011b\u0161\u00edch toulk\u00e1ch \ud83e\udd7e? Pot\u0159ebujete alespo\u0148 na p\u00e1r dn\u016f vypnout a u\u017e\u00edvat si klidu?<br \/>\nNevad\u00ed V\u00e1m, \u017ee si sn\u00eddani budete muset ud\u011blat sami, stejn\u011b jako ugrilovat ve\u010de\u0159i, otev\u0159\u00edt si piv\u00ed\u010dko nebo si nam\u00edchat drin\u010d\u00edk? \ud83e\udd42<br \/>\nPak je chata Zuzana pro V\u00e1s jako d\u011blan\u00e1.\n<h2>\n\t\tVybaven\u00ed chaty\n\t<\/h2>\n\t\t\t\t<img decoding=\"async\" src=\"http:\/\/chatickazuzana.cz\/wp-content\/uploads\/2020\/05\/balcony.png\" alt=\"balcony\" itemprop=\"image\"\/>\n\t<p>Span\u00ed pro 8 osob<\/p>\n\t\t\t\t<img decoding=\"async\" src=\"http:\/\/chatickazuzana.cz\/wp-content\/uploads\/2021\/03\/restaurant-icon.png\" alt=\"restaurant-icon\" itemprop=\"image\"\/>\n\t<p>Vybaven\u00e1 kuchyn\u011b<\/p>\n\t\t\t\t<img decoding=\"async\" src=\"http:\/\/chatickazuzana.cz\/wp-content\/uploads\/2020\/05\/bath-tub.png\" alt=\"bath-tub\" itemprop=\"image\"\/>\n\t<p>Sprcha a z\u00e1chod<\/p>\n\t\t\t\t<img decoding=\"async\" src=\"http:\/\/chatickazuzana.cz\/wp-content\/uploads\/2021\/03\/car-rental.png\" alt=\"car-rental\" itemprop=\"image\"\/>\n\t<p>Parkovac\u00ed st\u00e1n\u00ed<\/p>\n\t\t\t\t<img decoding=\"async\" src=\"http:\/\/chatickazuzana.cz\/wp-content\/uploads\/2021\/03\/room-service.png\" alt=\"room-service\" itemprop=\"image\"\/>\n\t<p>Venkovn\u00ed posezen\u00ed<\/p>\n\t\t\t\t<img decoding=\"async\" src=\"http:\/\/chatickazuzana.cz\/wp-content\/uploads\/2020\/05\/beach-view.png\" alt=\"beach-view\" itemprop=\"image\"\/>\n\t<p>Koupali\u0161t\u011b 5 min autem<\/p>\n\t\t\t\t<img decoding=\"async\" src=\"http:\/\/chatickazuzana.cz\/wp-content\/uploads\/2021\/03\/wifi-connection.png\" alt=\"wifi-connection\" itemprop=\"image\"\/>\n\t<p>BEZ WIFI<\/p>\n\tVelmi db\u00e1me na to, aby zahrada, kter\u00e1 byla dlouho budovan\u00e1, vydr\u017eela, co nejv\u00edce. Proto mus\u00edme napsat, \u017ee zv\u00ed\u0159\u00e1tka bohu\u017eel <strong>nejsou v\u00edtan\u00e1.<\/strong><br \/>\nRovinatost okol\u00ed T\u0159ebo\u0148ska p\u0159eje cyklist\u016fm. M\u016f\u017eete si u\u017e\u00edt stovky kilometr\u016f cyklostezek s mnoha zaj\u00edmav\u00fdmi m\u00edsty nejen na koch\u00e1n\u00ed, ale tak\u00e9 na ochutn\u00e1n\u00ed.\u00a0Mo\u017enost ryba\u0159en\u00ed p\u0159i zakoupen\u00ed ryb\u00e1\u0159sk\u00e9ho l\u00edstku, p\u0159\u00edpadn\u011b pokud ji\u017e majitelem l\u00edstku pro J\u010c kraj jste.\n<p>Pro\u010d nikde nep\u00ed\u0161eme o wifi? \ud83d\udcf6 Bohu\u017eel \u017e\u00e1dn\u00e1 v chat\u011b nen\u00ed. Stejn\u011b tak je v t\u00e9to \u010d\u00e1sti obce zhor\u0161en\u00fd telefonn\u00ed sign\u00e1l. K n\u00e1m na chati\u010dku nejezd\u00edte koukat do telefonu\/ notebooku, ale odpo\u010d\u00edvat a u\u017e\u00edt si klid.<\/p>\n\t<h2>\n\t\t\t\t\tUte\u010dte od ruchu do sv\u011bta klidu\n\t\t\t\t<\/h2>\n\t\t\t<p>Pro\u010d nikde nep\u00ed\u0161eme o wifi? \ud83d\udcf6 Bohu\u017eel \u017e\u00e1dn\u00e1 v chat\u011b nen\u00ed. Stejn\u011b tak je v t\u00e9to \u010d\u00e1sti obce zhor\u0161en\u00fd telefonn\u00ed sign\u00e1l. K n\u00e1m na chati\u010dku nejezd\u00edte koukat do telefonu\/ notebooku, ale odpo\u010d\u00edvat a u\u017e\u00edt si klid.\u00a0<\/p>\n\t\t\t<a href=\"#bookings\" target=\"_self\" role=\"button\" rel=\"noopener\">\n\t\t\t\t\t\tChci jet\n\t\t<\/a>\n\t<h2>\n\t\t\t\t\tNakoukn\u011bte k n\u00e1m do chati\u010dky\n\t\t\t\t<\/h2>\n\t\t\t<p>Tohle bude v\u00e1\u0161 nov\u00fd domov<\/p>\n\t\t\t\t\t\t                        <a href=\"https:\/\/chatickazuzana.cz\/wp-content\/uploads\/2022\/06\/8.jpg\" title=\"\" data-effect=\"mfp-newspaper\">\n\t\t\t\t\t\t\t\t<img decoding=\"async\" src=\"https:\/\/chatickazuzana.cz\/wp-content\/uploads\/2022\/06\/8.jpg\"\/>                            \n\t\t\t\t\t\t\t                        <\/a>\n\t\t\t\t\t\t                        <a href=\"https:\/\/chatickazuzana.cz\/wp-content\/uploads\/2022\/06\/7.jpg\" title=\"\" data-effect=\"mfp-newspaper\">\n\t\t\t\t\t\t\t\t<img decoding=\"async\" src=\"https:\/\/chatickazuzana.cz\/wp-content\/uploads\/2022\/06\/7.jpg\"\/>                            \n\t\t\t\t\t\t\t                        <\/a>\n\t\t\t\t\t\t                        <a href=\"https:\/\/chatickazuzana.cz\/wp-content\/uploads\/2022\/06\/5.jpg\" title=\"\" data-effect=\"mfp-newspaper\">\n\t\t\t\t\t\t\t\t<img decoding=\"async\" src=\"https:\/\/chatickazuzana.cz\/wp-content\/uploads\/2022\/06\/5.jpg\"\/>                            \n\t\t\t\t\t\t\t                        <\/a>\n\t\t\t\t\t\t                        <a href=\"https:\/\/chatickazuzana.cz\/wp-content\/uploads\/2022\/06\/6.jpg\" title=\"\" data-effect=\"mfp-newspaper\">\n\t\t\t\t\t\t\t\t<img decoding=\"async\" src=\"https:\/\/chatickazuzana.cz\/wp-content\/uploads\/2022\/06\/6.jpg\"\/>                            \n\t\t\t\t\t\t\t                        <\/a>\n\t\t\t\t\t\t                        <a href=\"https:\/\/chatickazuzana.cz\/wp-content\/uploads\/2022\/06\/3.jpg\" title=\"\" data-effect=\"mfp-newspaper\">\n\t\t\t\t\t\t\t\t<img decoding=\"async\" src=\"https:\/\/chatickazuzana.cz\/wp-content\/uploads\/2022\/06\/3.jpg\"\/>                            \n\t\t\t\t\t\t\t                        <\/a>\n\t\t\t\t\t\t                        <a href=\"https:\/\/chatickazuzana.cz\/wp-content\/uploads\/2022\/06\/4.jpg\" title=\"\" data-effect=\"mfp-newspaper\">\n\t\t\t\t\t\t\t\t<img decoding=\"async\" src=\"https:\/\/chatickazuzana.cz\/wp-content\/uploads\/2022\/06\/4.jpg\"\/>                            \n\t\t\t\t\t\t\t                        <\/a>\n\t\t\t\t\t\t                        <a href=\"https:\/\/chatickazuzana.cz\/wp-content\/uploads\/2022\/06\/1.jpg\" title=\"\" data-effect=\"mfp-newspaper\">\n\t\t\t\t\t\t\t\t<img decoding=\"async\" src=\"https:\/\/chatickazuzana.cz\/wp-content\/uploads\/2022\/06\/1.jpg\"\/>                            \n\t\t\t\t\t\t\t                        <\/a>\n\t\t\t\t\t\t                        <a href=\"https:\/\/chatickazuzana.cz\/wp-content\/uploads\/2022\/06\/2.jpg\" title=\"\" data-effect=\"mfp-newspaper\">\n\t\t\t\t\t\t\t\t<img decoding=\"async\" src=\"https:\/\/chatickazuzana.cz\/wp-content\/uploads\/2022\/06\/2.jpg\"\/>                            \n\t\t\t\t\t\t\t                        <\/a>\n\t\t\t\t            <!--njba-gallery-wrapper-->\n        <!--njba-gallery-body-->\n    <!--njba-gallery-main-->\n\t<h2>\n\t\t\t\t\tNab\u00edz\u00edme tyto mo\u017enost ubytov\u00e1n\u00ed\n\t\t\t\t<\/h2>\n\t\t\t<h3 class='info-table-main-heading'>\t\t\tT\u00fddenn\u00ed pobyt\t\t\t<\/h3>\n\t\t\t<h4 class='info-table-sub-heading'>\t\t\t10 000 K\u010d\t\t\t<\/h4>\t\t\t\t\n\t\t\t<p>Pobyt za\u010d\u00edn\u00e1 v sobotu po poledni a kon\u010d\u00ed v sobotu dopoledne.<br \/>Maxim\u00e1ln\u00ed po\u010det 8 osob.<\/p>\t\t\n\t\t\t<h3 class='info-table-main-heading'>\t\t\tV\u00edkendov\u00fd pobyt\t\t\t<\/h3>\n\t\t\t<h4 class='info-table-sub-heading'>\t\t\t4 000 K\u010d\t\t\t<\/h4>\t\t\t\t\n\t\t\t<p>Pobyt za\u010d\u00edn\u00e1 v p\u00e1tek po poledni a kon\u010d\u00ed v ned\u011bli dopoledne.<br \/>Maxim\u00e1ln\u00ed po\u010det 8 osob.<\/p>\t\t\n\t\t\t<h3 class='info-table-main-heading'>\t\t\tPobyt pond\u011bl\u00ed-p\u00e1tek\t\t\t<\/h3>\n\t\t\t<h4 class='info-table-sub-heading'>\t\t\t6 000 K\u010d\t\t\t<\/h4>\t\t\t\t\n\t\t\t<p>Pobyt za\u010d\u00edn\u00e1 v ned\u011bli po poledni a kon\u010d\u00ed v p\u00e1tek dopoledne.<br \/>Maxim\u00e1ln\u00ed po\u010det 8 osob.<\/p>\t\t\n\t<h2>\n\t\t\t\t\tZjist\u011bte dostupnost\n\t\t\t\t<\/h2>\n\t<div class=\"wpcf7 no-js\" id=\"wpcf7-f686-o1\" lang=\"cs-CZ\" dir=\"ltr\">\n<div class=\"screen-reader-response\"><p role=\"status\" aria-live=\"polite\" aria-atomic=\"true\"><\/p> <ul><\/ul><\/div>\n<form action=\"\/index.php?rest_route=%2Fwp%2Fv2%2Fpages%2F640#wpcf7-f686-o1\" method=\"post\" class=\"wpcf7-form init\" aria-label=\"Contact form\" novalidate=\"novalidate\" data-status=\"init\">\n<div style=\"display: none;\">\n<input type=\"hidden\" name=\"_wpcf7\" value=\"686\" \/>\n<input type=\"hidden\" name=\"_wpcf7_version\" value=\"5.7\" \/>\n<input type=\"hidden\" name=\"_wpcf7_locale\" value=\"cs_CZ\" \/>\n<input type=\"hidden\" name=\"_wpcf7_unit_tag\" value=\"wpcf7-f686-o1\" \/>\n<input type=\"hidden\" name=\"_wpcf7_container_post\" value=\"0\" \/>\n<input type=\"hidden\" name=\"_wpcf7_posted_data_hash\" value=\"\" \/>\n<\/div>\n<p><label> Va\u0161e jm\u00e9no<br \/>\n<span class=\"wpcf7-form-control-wrap\" data-name=\"your-name\"><input size=\"40\" class=\"wpcf7-form-control wpcf7-text wpcf7-validates-as-required\" autocomplete=\"name\" aria-required=\"true\" aria-invalid=\"false\" value=\"\" type=\"text\" name=\"your-name\" \/><\/span> <\/label>\n<\/p>\n<p><label> V\u00e1\u0161 e-mail<br \/>\n<span class=\"wpcf7-form-control-wrap\" data-name=\"your-email\"><input size=\"40\" class=\"wpcf7-form-control wpcf7-text wpcf7-email wpcf7-validates-as-required wpcf7-validates-as-email\" autocomplete=\"email\" aria-required=\"true\" aria-invalid=\"false\" value=\"\" type=\"email\" name=\"your-email\" \/><\/span> <\/label>\n<\/p>\n<p><label> Jak\u00fd term\u00edn by V\u00e1m vyhovoval nejv\u00edce?<br \/>\n<span class=\"wpcf7-form-control-wrap\" data-name=\"your-subject\"><input size=\"40\" class=\"wpcf7-form-control wpcf7-text wpcf7-validates-as-required\" aria-required=\"true\" aria-invalid=\"false\" value=\"\" type=\"text\" name=\"your-subject\" \/><\/span> <\/label>\n<\/p>\n<p>Vyberte si V\u00e1\u0161 pobyt<br \/>\n<span class=\"wpcf7-form-control-wrap\" data-name=\"checkbox-vaianta\"><span class=\"wpcf7-form-control wpcf7-checkbox wpcf7-validates-as-required\"><span class=\"wpcf7-list-item first\"><label><input type=\"checkbox\" name=\"checkbox-vaianta[]\" value=\"T\u00fddenn\u00ed pobyt\" tabindex=\"\" \/><span class=\"wpcf7-list-item-label\">T\u00fddenn\u00ed pobyt<\/span><\/label><\/span><span class=\"wpcf7-list-item\"><label><input type=\"checkbox\" name=\"checkbox-vaianta[]\" value=\"V\u00edkendov\u00fd pobyt\" tabindex=\"\" \/><span class=\"wpcf7-list-item-label\">V\u00edkendov\u00fd pobyt<\/span><\/label><\/span><span class=\"wpcf7-list-item last\"><label><input type=\"checkbox\" name=\"checkbox-vaianta[]\" value=\"Pobyt pond\u011bl\u00ed - p\u00e1tek\" tabindex=\"\" \/><span class=\"wpcf7-list-item-label\">Pobyt pond\u011bl\u00ed - p\u00e1tek<\/span><\/label><\/span><\/span><\/span>\n<\/p>\n<p><label> M\u00e1te n\u011bjak\u00fd dal\u0161\u00ed dotaz? \ud83d\ude42<br \/>\n<span class=\"wpcf7-form-control-wrap\" data-name=\"doplnujicidotaz\"><textarea cols=\"40\" rows=\"10\" class=\"wpcf7-form-control wpcf7-textarea\" aria-invalid=\"false\" name=\"doplnujicidotaz\"><\/textarea><\/span><\/label>\n<\/p>\n<p><input class=\"wpcf7-form-control has-spinner wpcf7-submit\" type=\"submit\" value=\"Odeslat\" \/>\n<\/p><p style=\"display: none !important;\"><label>&#916;<textarea name=\"_wpcf7_ak_hp_textarea\" cols=\"45\" rows=\"8\" maxlength=\"100\"><\/textarea><\/label><input type=\"hidden\" id=\"ak_js_1\" name=\"_wpcf7_ak_js\" value=\"78\"\/><script>document.getElementById( \"ak_js_1\" ).setAttribute( \"value\", ( new Date() ).getTime() );<\/script><\/p><div class=\"wpcf7-response-output\" aria-hidden=\"true\"><\/div><\/form><\/div>\n\t<h3>\n\t\t\t\t\tM\u00e1te dotaz?\n\t\t\t\t<\/h3>\nNa jak\u00fdkoli dotaz V\u00e1m r\u00e1di odpov\u00edme:\n\u260e\ufe0f <strong>Telefon:<\/strong> +420 702 058 366\n\ud83d\udce9 <strong>Emailem na:<\/strong> info@chatickazuzana.cz\n\u00a0\n\n","protected":false},"excerpt":{"rendered":"<p>Chata zuzana M\u00edsto pro ka\u017ed\u00e9ho, kdo chce zmizet od sign\u00e1lu Chci se ubytovat O chati\u010dce 60. l\u00e9ta p\u0159esn\u011b tehdy jsem vznikla Chati\u010dka se nach\u00e1z\u00ed v malebn\u00e9 v\u00edsce Frahel\u017e na T\u0159ebo\u0148sku. Jen kousek od hr\u00e1z\u00ed rybn\u00edk\u016f Nad\u011bje, L\u00e1ska, V\u00edra a Dobr\u00e9 v\u016fle. \ud83d\ude0dV ide\u00e1ln\u00ed vz\u00e1lenosti na Vlkovsk\u00e9 p\u00edskovny a v bl\u00edzkosti nekone\u010dn\u011b dlouh\u00fdch, rovinat\u00fdch cyklostezek T\u0159ebo\u0148ska. &hellip;<\/p>\n<p class=\"read-more\"> <a class=\"\" href=\"https:\/\/chatickazuzana.cz\/\"> <span class=\"screen-reader-text\">Home<\/span> Pokra\u010dovat ve \u010dten\u00ed &raquo;<\/a><\/p>\n","protected":false},"author":1,"featured_media":0,"parent":0,"menu_order":0,"comment_status":"closed","ping_status":"open","template":"","meta":{"site-sidebar-layout":"no-sidebar","site-content-layout":"page-builder","ast-global-header-display":"","ast-main-header-display":"","ast-hfb-above-header-display":"","ast-hfb-below-header-display":"","ast-hfb-mobile-header-display":"","site-post-title":"disabled","ast-breadcrumbs-content":"","ast-featured-img":"disabled","footer-sml-layout":"","theme-transparent-header-meta":"enabled","adv-header-id-meta":"","stick-header-meta":"","header-above-stick-meta":"","header-main-stick-meta":"","header-below-stick-meta":"","footnotes":""},"class_list":["post-640","page","type-page","status-publish","hentry"],"yoast_head":"<!-- This site is optimized with the Yoast SEO plugin v19.3 - https:\/\/yoast.com\/wordpress\/plugins\/seo\/ -->\n<title>Home - chatickazuzana.cz<\/title>\n<meta name=\"robots\" content=\"index, follow, max-snippet:-1, max-image-preview:large, max-video-preview:-1\" \/>\n<link rel=\"canonical\" href=\"https:\/\/chatickazuzana.cz\/\" \/>\n<meta property=\"og:locale\" content=\"cs_CZ\" \/>\n<meta property=\"og:type\" content=\"article\" \/>\n<meta property=\"og:title\" content=\"Home - chatickazuzana.cz\" \/>\n<meta property=\"og:description\" content=\"Chata zuzana M\u00edsto pro ka\u017ed\u00e9ho, kdo chce zmizet od sign\u00e1lu Chci se ubytovat O chati\u010dce 60. l\u00e9ta p\u0159esn\u011b tehdy jsem vznikla Chati\u010dka se nach\u00e1z\u00ed v malebn\u00e9 v\u00edsce Frahel\u017e na T\u0159ebo\u0148sku. Jen kousek od hr\u00e1z\u00ed rybn\u00edk\u016f Nad\u011bje, L\u00e1ska, V\u00edra a Dobr\u00e9 v\u016fle. \ud83d\ude0dV ide\u00e1ln\u00ed vz\u00e1lenosti na Vlkovsk\u00e9 p\u00edskovny a v bl\u00edzkosti nekone\u010dn\u011b dlouh\u00fdch, rovinat\u00fdch cyklostezek T\u0159ebo\u0148ska. &hellip; Home Pokra\u010dovat ve \u010dten\u00ed &raquo;\" \/>\n<meta property=\"og:url\" content=\"https:\/\/chatickazuzana.cz\/\" \/>\n<meta property=\"og:site_name\" content=\"chatickazuzana.cz\" \/>\n<meta property=\"article:publisher\" content=\"https:\/\/www.facebook.com\/chatazuzana\" \/>\n<meta property=\"article:modified_time\" content=\"2022-12-15T22:02:08+00:00\" \/>\n<meta property=\"og:image\" content=\"https:\/\/chatickazuzana.cz\/wp-content\/uploads\/2022\/06\/240840278_100157015741043_6921094378842936971_n.jpg\" \/>\n<meta name=\"twitter:card\" content=\"summary_large_image\" \/>\n<meta name=\"twitter:label1\" content=\"Odhadovan\u00e1 doba \u010dten\u00ed\" \/>\n\t<meta name=\"twitter:data1\" content=\"2 minuty\" \/>\n<script type=\"application\/ld+json\" class=\"yoast-schema-graph\">{\"@context\":\"https:\/\/schema.org\",\"@graph\":[{\"@type\":\"Organization\",\"@id\":\"https:\/\/chatickazuzana.cz\/#organization\",\"name\":\"Chati\u010dka Zuzana\",\"url\":\"https:\/\/chatickazuzana.cz\/\",\"sameAs\":[\"https:\/\/www.instagram.com\/chatazuzana\/\",\"https:\/\/www.facebook.com\/chatazuzana\"],\"logo\":{\"@type\":\"ImageObject\",\"inLanguage\":\"cs\",\"@id\":\"https:\/\/chatickazuzana.cz\/#\/schema\/logo\/image\/\",\"url\":\"https:\/\/chatickazuzana.cz\/wp-content\/uploads\/2022\/07\/cropped-chata-logo-bile.png\",\"contentUrl\":\"https:\/\/chatickazuzana.cz\/wp-content\/uploads\/2022\/07\/cropped-chata-logo-bile.png\",\"width\":500,\"height\":166,\"caption\":\"Chati\u010dka Zuzana\"},\"image\":{\"@id\":\"https:\/\/chatickazuzana.cz\/#\/schema\/logo\/image\/\"}},{\"@type\":\"WebSite\",\"@id\":\"https:\/\/chatickazuzana.cz\/#website\",\"url\":\"https:\/\/chatickazuzana.cz\/\",\"name\":\"chatickazuzana.cz\",\"description\":\"Chatov\u00e9 ubytov\u00e1n\u00ed na T\u0159ebo\u0148sku\",\"publisher\":{\"@id\":\"https:\/\/chatickazuzana.cz\/#organization\"},\"potentialAction\":[{\"@type\":\"SearchAction\",\"target\":{\"@type\":\"EntryPoint\",\"urlTemplate\":\"https:\/\/chatickazuzana.cz\/?s={search_term_string}\"},\"query-input\":\"required name=search_term_string\"}],\"inLanguage\":\"cs\"},{\"@type\":\"ImageObject\",\"inLanguage\":\"cs\",\"@id\":\"https:\/\/chatickazuzana.cz\/#primaryimage\",\"url\":\"https:\/\/chatickazuzana.cz\/wp-content\/uploads\/2022\/06\/240840278_100157015741043_6921094378842936971_n.jpg\",\"contentUrl\":\"https:\/\/chatickazuzana.cz\/wp-content\/uploads\/2022\/06\/240840278_100157015741043_6921094378842936971_n.jpg\",\"width\":1600,\"height\":1200,\"caption\":\"chaticka-zuzana\"},{\"@type\":\"WebPage\",\"@id\":\"https:\/\/chatickazuzana.cz\/\",\"url\":\"https:\/\/chatickazuzana.cz\/\",\"name\":\"Home - chatickazuzana.cz\",\"isPartOf\":{\"@id\":\"https:\/\/chatickazuzana.cz\/#website\"},\"primaryImageOfPage\":{\"@id\":\"https:\/\/chatickazuzana.cz\/#primaryimage\"},\"datePublished\":\"2017-09-13T11:36:29+00:00\",\"dateModified\":\"2022-12-15T22:02:08+00:00\",\"breadcrumb\":{\"@id\":\"https:\/\/chatickazuzana.cz\/#breadcrumb\"},\"inLanguage\":\"cs\",\"potentialAction\":[{\"@type\":\"ReadAction\",\"target\":[\"https:\/\/chatickazuzana.cz\/\"]}]},{\"@type\":\"BreadcrumbList\",\"@id\":\"https:\/\/chatickazuzana.cz\/#breadcrumb\",\"itemListElement\":[{\"@type\":\"ListItem\",\"position\":1,\"name\":\"Dom\u016f\",\"item\":\"https:\/\/chatickazuzana.cz\/\"},{\"@type\":\"ListItem\",\"position\":2,\"name\":\"Home\"}]}]}<\/script>\n<!-- \/ Yoast SEO plugin. -->","yoast_head_json":{"title":"Home - chatickazuzana.cz","robots":{"index":"index","follow":"follow","max-snippet":"max-snippet:-1","max-image-preview":"max-image-preview:large","max-video-preview":"max-video-preview:-1"},"canonical":"https:\/\/chatickazuzana.cz\/","og_locale":"cs_CZ","og_type":"article","og_title":"Home - chatickazuzana.cz","og_description":"Chata zuzana M\u00edsto pro ka\u017ed\u00e9ho, kdo chce zmizet od sign\u00e1lu Chci se ubytovat O chati\u010dce 60. l\u00e9ta p\u0159esn\u011b tehdy jsem vznikla Chati\u010dka se nach\u00e1z\u00ed v malebn\u00e9 v\u00edsce Frahel\u017e na T\u0159ebo\u0148sku. Jen kousek od hr\u00e1z\u00ed rybn\u00edk\u016f Nad\u011bje, L\u00e1ska, V\u00edra a Dobr\u00e9 v\u016fle. \ud83d\ude0dV ide\u00e1ln\u00ed vz\u00e1lenosti na Vlkovsk\u00e9 p\u00edskovny a v bl\u00edzkosti nekone\u010dn\u011b dlouh\u00fdch, rovinat\u00fdch cyklostezek T\u0159ebo\u0148ska. &hellip; Home Pokra\u010dovat ve \u010dten\u00ed &raquo;","og_url":"https:\/\/chatickazuzana.cz\/","og_site_name":"chatickazuzana.cz","article_publisher":"https:\/\/www.facebook.com\/chatazuzana","article_modified_time":"2022-12-15T22:02:08+00:00","og_image":[{"url":"https:\/\/chatickazuzana.cz\/wp-content\/uploads\/2022\/06\/240840278_100157015741043_6921094378842936971_n.jpg"}],"twitter_card":"summary_large_image","twitter_misc":{"Odhadovan\u00e1 doba \u010dten\u00ed":"2 minuty"},"schema":{"@context":"https:\/\/schema.org","@graph":[{"@type":"Organization","@id":"https:\/\/chatickazuzana.cz\/#organization","name":"Chati\u010dka Zuzana","url":"https:\/\/chatickazuzana.cz\/","sameAs":["https:\/\/www.instagram.com\/chatazuzana\/","https:\/\/www.facebook.com\/chatazuzana"],"logo":{"@type":"ImageObject","inLanguage":"cs","@id":"https:\/\/chatickazuzana.cz\/#\/schema\/logo\/image\/","url":"https:\/\/chatickazuzana.cz\/wp-content\/uploads\/2022\/07\/cropped-chata-logo-bile.png","contentUrl":"https:\/\/chatickazuzana.cz\/wp-content\/uploads\/2022\/07\/cropped-chata-logo-bile.png","width":500,"height":166,"caption":"Chati\u010dka Zuzana"},"image":{"@id":"https:\/\/chatickazuzana.cz\/#\/schema\/logo\/image\/"}},{"@type":"WebSite","@id":"https:\/\/chatickazuzana.cz\/#website","url":"https:\/\/chatickazuzana.cz\/","name":"chatickazuzana.cz","description":"Chatov\u00e9 ubytov\u00e1n\u00ed na T\u0159ebo\u0148sku","publisher":{"@id":"https:\/\/chatickazuzana.cz\/#organization"},"potentialAction":[{"@type":"SearchAction","target":{"@type":"EntryPoint","urlTemplate":"https:\/\/chatickazuzana.cz\/?s={search_term_string}"},"query-input":"required name=search_term_string"}],"inLanguage":"cs"},{"@type":"ImageObject","inLanguage":"cs","@id":"https:\/\/chatickazuzana.cz\/#primaryimage","url":"https:\/\/chatickazuzana.cz\/wp-content\/uploads\/2022\/06\/240840278_100157015741043_6921094378842936971_n.jpg","contentUrl":"https:\/\/chatickazuzana.cz\/wp-content\/uploads\/2022\/06\/240840278_100157015741043_6921094378842936971_n.jpg","width":1600,"height":1200,"caption":"chaticka-zuzana"},{"@type":"WebPage","@id":"https:\/\/chatickazuzana.cz\/","url":"https:\/\/chatickazuzana.cz\/","name":"Home - chatickazuzana.cz","isPartOf":{"@id":"https:\/\/chatickazuzana.cz\/#website"},"primaryImageOfPage":{"@id":"https:\/\/chatickazuzana.cz\/#primaryimage"},"datePublished":"2017-09-13T11:36:29+00:00","dateModified":"2022-12-15T22:02:08+00:00","breadcrumb":{"@id":"https:\/\/chatickazuzana.cz\/#breadcrumb"},"inLanguage":"cs","potentialAction":[{"@type":"ReadAction","target":["https:\/\/chatickazuzana.cz\/"]}]},{"@type":"BreadcrumbList","@id":"https:\/\/chatickazuzana.cz\/#breadcrumb","itemListElement":[{"@type":"ListItem","position":1,"name":"Dom\u016f","item":"https:\/\/chatickazuzana.cz\/"},{"@type":"ListItem","position":2,"name":"Home"}]}]}},"_links":{"self":[{"href":"https:\/\/chatickazuzana.cz\/index.php?rest_route=\/wp\/v2\/pages\/640","targetHints":{"allow":["GET"]}}],"collection":[{"href":"https:\/\/chatickazuzana.cz\/index.php?rest_route=\/wp\/v2\/pages"}],"about":[{"href":"https:\/\/chatickazuzana.cz\/index.php?rest_route=\/wp\/v2\/types\/page"}],"author":[{"embeddable":true,"href":"https:\/\/chatickazuzana.cz\/index.php?rest_route=\/wp\/v2\/users\/1"}],"replies":[{"embeddable":true,"href":"https:\/\/chatickazuzana.cz\/index.php?rest_route=%2Fwp%2Fv2%2Fcomments&post=640"}],"version-history":[{"count":10,"href":"https:\/\/chatickazuzana.cz\/index.php?rest_route=\/wp\/v2\/pages\/640\/revisions"}],"predecessor-version":[{"id":690,"href":"https:\/\/chatickazuzana.cz\/index.php?rest_route=\/wp\/v2\/pages\/640\/revisions\/690"}],"wp:attachment":[{"href":"https:\/\/chatickazuzana.cz\/index.php?rest_route=%2Fwp%2Fv2%2Fmedia&parent=640"}],"curies":[{"name":"wp","href":"https:\/\/api.w.org\/{rel}","templated":true}]}}